{"id":1696,"date":"2024-03-20T16:24:43","date_gmt":"2024-03-20T16:24:43","guid":{"rendered":"https:\/\/192.168.178.174\/?page_id=1696"},"modified":"2024-03-25T18:26:44","modified_gmt":"2024-03-25T18:26:44","slug":"flurkarten","status":"publish","type":"page","link":"https:\/\/www.wallersheim.org\/?page_id=1696","title":{"rendered":"Flurkarten"},"content":{"rendered":"<div id=\"pl-1696\"  class=\"panel-layout\" ><div id=\"pg-1696-0\"  class=\"panel-grid panel-has-style\" ><div style=\"padding: 100px 0; \" data-overlay=\"true\" data-overlay-color=\"#000000\" class=\"panel-row-style panel-row-style-for-1696-0\" ><div id=\"pgc-1696-0-0\"  class=\"panel-grid-cell\" ><div id=\"panel-1696-0-0-0\" class=\"so-panel widget widget_sow-editor panel-first-child\" data-index=\"0\" ><div style=\"text-align: left;\" data-title-color=\"#443f3f\" data-headings-color=\"#443f3f\" class=\"panel-widget-style panel-widget-style-for-1696-0-0-0\" ><div\n\t\t\t\n\t\t\tclass=\"so-widget-sow-editor so-widget-sow-editor-base\"\n\t\t\t\n\t\t>\n<div class=\"siteorigin-widget-tinymce textwidget\">\n\t<h5>Ausz\u00fcge der Flurkarten aus dem Jahr 1933<\/h5>\n<p>Die nachfolgend dargestellten Karten wurden uns freundlicherweise vom Landesarchiv zur Verf\u00fcgung gestellt. Die Karten sind sogenannte Flurkarten, sie beschreiben die Wallersheimer Flure im Jahr 1933. (Durch einen Click auf die Karte, wird diese vergr\u00f6\u00dfert)<\/p>\n<\/div>\n<\/div><\/div><\/div><div id=\"panel-1696-0-0-1\" class=\"so-panel widget widget_media_gallery panel-last-child\" data-index=\"1\" ><div style=\"text-align: left;\" data-title-color=\"#443f3f\" data-headings-color=\"#443f3f\" class=\"panel-widget-style panel-widget-style-for-1696-0-0-1\" ><div id='gallery-1' class='gallery galleryid-1696 gallery-columns-3 gallery-size-large'><figure class='gallery-item'>\n\t\t\t<div class='gallery-icon landscape'>\n\t\t\t\t<a href='https:\/\/www.wallersheim.org\/wp-content\/uploads\/2024\/03\/1_Um-die-Kirche-und-Dorfeingang_komp-jpg.jpg'><img loading=\"lazy\" decoding=\"async\" width=\"1024\" height=\"683\" src=\"https:\/\/www.wallersheim.org\/wp-content\/uploads\/2024\/03\/1_Um-die-Kirche-und-Dorfeingang_komp-jpg-1024x683.jpg\" class=\"attachment-large size-large\" alt=\"\" aria-describedby=\"gallery-1-1530\" srcset=\"https:\/\/www.wallersheim.org\/wp-content\/uploads\/2024\/03\/1_Um-die-Kirche-und-Dorfeingang_komp-jpg-1024x683.jpg 1024w, https:\/\/www.wallersheim.org\/wp-content\/uploads\/2024\/03\/1_Um-die-Kirche-und-Dorfeingang_komp-jpg-300x200.jpg 300w, https:\/\/www.wallersheim.org\/wp-content\/uploads\/2024\/03\/1_Um-die-Kirche-und-Dorfeingang_komp-jpg-768x513.jpg 768w, https:\/\/www.wallersheim.org\/wp-content\/uploads\/2024\/03\/1_Um-die-Kirche-und-Dorfeingang_komp-jpg-1536x1025.jpg 1536w, https:\/\/www.wallersheim.org\/wp-content\/uploads\/2024\/03\/1_Um-die-Kirche-und-Dorfeingang_komp-jpg-1000x667.jpg 1000w, https:\/\/www.wallersheim.org\/wp-content\/uploads\/2024\/03\/1_Um-die-Kirche-und-Dorfeingang_komp-jpg-230x153.jpg 230w, https:\/\/www.wallersheim.org\/wp-content\/uploads\/2024\/03\/1_Um-die-Kirche-und-Dorfeingang_komp-jpg-350x234.jpg 350w, https:\/\/www.wallersheim.org\/wp-content\/uploads\/2024\/03\/1_Um-die-Kirche-und-Dorfeingang_komp-jpg-480x320.jpg 480w, https:\/\/www.wallersheim.org\/wp-content\/uploads\/2024\/03\/1_Um-die-Kirche-und-Dorfeingang_komp-jpg-272x182.jpg 272w, https:\/\/www.wallersheim.org\/wp-content\/uploads\/2024\/03\/1_Um-die-Kirche-und-Dorfeingang_komp-jpg.jpg 2008w\" sizes=\"auto, (max-width: 1024px) 100vw, 1024px\" \/><\/a>\n\t\t\t<\/div>\n\t\t\t\t<figcaption class='wp-caption-text gallery-caption' id='gallery-1-1530'>\n\t\t\t\tDorfzentrum um die Kirche\n\t\t\t\t<\/figcaption><\/figure><figure class='gallery-item'>\n\t\t\t<div class='gallery-icon landscape'>\n\t\t\t\t<a href='https:\/\/www.wallersheim.org\/wp-content\/uploads\/2024\/03\/2_Hauptstrasse-Dorf_Hoeft_Pejesl-bis-Schaalen_komp-jpg.jpg'><img loading=\"lazy\" decoding=\"async\" width=\"1024\" height=\"714\" src=\"https:\/\/www.wallersheim.org\/wp-content\/uploads\/2024\/03\/2_Hauptstrasse-Dorf_Hoeft_Pejesl-bis-Schaalen_komp-jpg-1024x714.jpg\" class=\"attachment-large size-large\" alt=\"\" aria-describedby=\"gallery-1-1532\" srcset=\"https:\/\/www.wallersheim.org\/wp-content\/uploads\/2024\/03\/2_Hauptstrasse-Dorf_Hoeft_Pejesl-bis-Schaalen_komp-jpg-1024x714.jpg 1024w, https:\/\/www.wallersheim.org\/wp-content\/uploads\/2024\/03\/2_Hauptstrasse-Dorf_Hoeft_Pejesl-bis-Schaalen_komp-jpg-300x209.jpg 300w, https:\/\/www.wallersheim.org\/wp-content\/uploads\/2024\/03\/2_Hauptstrasse-Dorf_Hoeft_Pejesl-bis-Schaalen_komp-jpg-768x535.jpg 768w, https:\/\/www.wallersheim.org\/wp-content\/uploads\/2024\/03\/2_Hauptstrasse-Dorf_Hoeft_Pejesl-bis-Schaalen_komp-jpg-1536x1071.jpg 1536w, https:\/\/www.wallersheim.org\/wp-content\/uploads\/2024\/03\/2_Hauptstrasse-Dorf_Hoeft_Pejesl-bis-Schaalen_komp-jpg-1000x697.jpg 1000w, https:\/\/www.wallersheim.org\/wp-content\/uploads\/2024\/03\/2_Hauptstrasse-Dorf_Hoeft_Pejesl-bis-Schaalen_komp-jpg-230x160.jpg 230w, https:\/\/www.wallersheim.org\/wp-content\/uploads\/2024\/03\/2_Hauptstrasse-Dorf_Hoeft_Pejesl-bis-Schaalen_komp-jpg-350x244.jpg 350w, https:\/\/www.wallersheim.org\/wp-content\/uploads\/2024\/03\/2_Hauptstrasse-Dorf_Hoeft_Pejesl-bis-Schaalen_komp-jpg-480x335.jpg 480w, https:\/\/www.wallersheim.org\/wp-content\/uploads\/2024\/03\/2_Hauptstrasse-Dorf_Hoeft_Pejesl-bis-Schaalen_komp-jpg.jpg 1955w\" sizes=\"auto, (max-width: 1024px) 100vw, 1024px\" \/><\/a>\n\t\t\t<\/div>\n\t\t\t\t<figcaption class='wp-caption-text gallery-caption' id='gallery-1-1532'>\n\t\t\t\tHauptstra\u00dfe Dorf_H\u00f6ft_Pejesl bis Schaalen\n\t\t\t\t<\/figcaption><\/figure><figure class='gallery-item'>\n\t\t\t<div class='gallery-icon landscape'>\n\t\t\t\t<a href='https:\/\/www.wallersheim.org\/wp-content\/uploads\/2024\/03\/4_Um-das-Lee-und-Schnegger-Ecke_komp4-jpg.jpg'><img loading=\"lazy\" decoding=\"async\" width=\"1024\" height=\"666\" src=\"https:\/\/www.wallersheim.org\/wp-content\/uploads\/2024\/03\/4_Um-das-Lee-und-Schnegger-Ecke_komp4-jpg-1024x666.jpg\" class=\"attachment-large size-large\" alt=\"\" aria-describedby=\"gallery-1-1534\" srcset=\"https:\/\/www.wallersheim.org\/wp-content\/uploads\/2024\/03\/4_Um-das-Lee-und-Schnegger-Ecke_komp4-jpg-1024x666.jpg 1024w, https:\/\/www.wallersheim.org\/wp-content\/uploads\/2024\/03\/4_Um-das-Lee-und-Schnegger-Ecke_komp4-jpg-300x195.jpg 300w, https:\/\/www.wallersheim.org\/wp-content\/uploads\/2024\/03\/4_Um-das-Lee-und-Schnegger-Ecke_komp4-jpg-768x500.jpg 768w, https:\/\/www.wallersheim.org\/wp-content\/uploads\/2024\/03\/4_Um-das-Lee-und-Schnegger-Ecke_komp4-jpg-1536x999.jpg 1536w, https:\/\/www.wallersheim.org\/wp-content\/uploads\/2024\/03\/4_Um-das-Lee-und-Schnegger-Ecke_komp4-jpg-1000x650.jpg 1000w, https:\/\/www.wallersheim.org\/wp-content\/uploads\/2024\/03\/4_Um-das-Lee-und-Schnegger-Ecke_komp4-jpg-230x150.jpg 230w, https:\/\/www.wallersheim.org\/wp-content\/uploads\/2024\/03\/4_Um-das-Lee-und-Schnegger-Ecke_komp4-jpg-350x228.jpg 350w, https:\/\/www.wallersheim.org\/wp-content\/uploads\/2024\/03\/4_Um-das-Lee-und-Schnegger-Ecke_komp4-jpg-480x312.jpg 480w, https:\/\/www.wallersheim.org\/wp-content\/uploads\/2024\/03\/4_Um-das-Lee-und-Schnegger-Ecke_komp4-jpg.jpg 1885w\" sizes=\"auto, (max-width: 1024px) 100vw, 1024px\" \/><\/a>\n\t\t\t<\/div>\n\t\t\t\t<figcaption class='wp-caption-text gallery-caption' id='gallery-1-1534'>\n\t\t\t\tUm das Lee und Schnegger Ecke\n\t\t\t\t<\/figcaption><\/figure><figure class='gallery-item'>\n\t\t\t<div class='gallery-icon landscape'>\n\t\t\t\t<a href='https:\/\/www.wallersheim.org\/wp-content\/uploads\/2024\/03\/4_BLATT_7-removebg_weiss_shrink.jpg'><img loading=\"lazy\" decoding=\"async\" width=\"1024\" height=\"705\" src=\"https:\/\/www.wallersheim.org\/wp-content\/uploads\/2024\/03\/4_BLATT_7-removebg_weiss_shrink-1024x705.jpg\" class=\"attachment-large size-large\" alt=\"\" aria-describedby=\"gallery-1-1543\" srcset=\"https:\/\/www.wallersheim.org\/wp-content\/uploads\/2024\/03\/4_BLATT_7-removebg_weiss_shrink-1024x705.jpg 1024w, https:\/\/www.wallersheim.org\/wp-content\/uploads\/2024\/03\/4_BLATT_7-removebg_weiss_shrink-300x207.jpg 300w, https:\/\/www.wallersheim.org\/wp-content\/uploads\/2024\/03\/4_BLATT_7-removebg_weiss_shrink-768x529.jpg 768w, https:\/\/www.wallersheim.org\/wp-content\/uploads\/2024\/03\/4_BLATT_7-removebg_weiss_shrink-1536x1057.jpg 1536w, https:\/\/www.wallersheim.org\/wp-content\/uploads\/2024\/03\/4_BLATT_7-removebg_weiss_shrink-1000x688.jpg 1000w, https:\/\/www.wallersheim.org\/wp-content\/uploads\/2024\/03\/4_BLATT_7-removebg_weiss_shrink-230x158.jpg 230w, https:\/\/www.wallersheim.org\/wp-content\/uploads\/2024\/03\/4_BLATT_7-removebg_weiss_shrink-350x241.jpg 350w, https:\/\/www.wallersheim.org\/wp-content\/uploads\/2024\/03\/4_BLATT_7-removebg_weiss_shrink-480x330.jpg 480w, https:\/\/www.wallersheim.org\/wp-content\/uploads\/2024\/03\/4_BLATT_7-removebg_weiss_shrink.jpg 1810w\" sizes=\"auto, (max-width: 1024px) 100vw, 1024px\" \/><\/a>\n\t\t\t<\/div>\n\t\t\t\t<figcaption class='wp-caption-text gallery-caption' id='gallery-1-1543'>\n\t\t\t\tB\u00fcdesheimer Str. und Hufacker\n\t\t\t\t<\/figcaption><\/figure>\n\t\t<\/div>\n<\/div><\/div><\/div><\/div><\/div><div id=\"pg-1696-1\"  class=\"panel-grid panel-has-style\" ><div style=\"padding: 100px 0; \" data-overlay=\"true\" data-overlay-color=\"#000000\" class=\"panel-row-style panel-row-style-for-1696-1\" ><div id=\"pgc-1696-1-0\"  class=\"panel-grid-cell\" ><div id=\"panel-1696-1-0-0\" class=\"so-panel widget widget_sow-editor panel-first-child panel-last-child\" data-index=\"2\" ><div style=\"text-align: left;\" data-title-color=\"#443f3f\" data-headings-color=\"#443f3f\" class=\"panel-widget-style panel-widget-style-for-1696-1-0-0\" ><div\n\t\t\t\n\t\t\tclass=\"so-widget-sow-editor so-widget-sow-editor-base\"\n\t\t\t\n\t\t>\n<div class=\"siteorigin-widget-tinymce textwidget\">\n\t<p><a href=\"https:\/\/www.wallersheim.org\/wp-content\/uploads\/2024\/03\/5_Blatt_32_Knoos_Schiwig_Hengen.pdf\" class=\"pdfemb-viewer\" style=\"\" data-width=\"max\" data-height=\"max\" data-toolbar=\"bottom\" data-toolbar-fixed=\"off\">5_Blatt_32_Knoos_Schiwig_Hengen<\/a> <a href=\"https:\/\/www.wallersheim.org\/wp-content\/uploads\/2024\/03\/4_Blatt-7_Buedesheimer_Strasse_von_Lenz_ueber_Adamsen.pdf\" class=\"pdfemb-viewer\" style=\"\" data-width=\"max\" data-height=\"max\" data-toolbar=\"bottom\" data-toolbar-fixed=\"off\">4_Blatt-7_B\u00fcdesheimer_Stra\u00dfe_von_Lenz_\u00fcber_Adamsen<\/a><a href=\"https:\/\/www.wallersheim.org\/wp-content\/uploads\/2024\/03\/6_Blatt_31_von-Hetten_bis-Schroeder.pdf\" class=\"pdfemb-viewer\" style=\"\" data-width=\"max\" data-height=\"max\" data-toolbar=\"bottom\" data-toolbar-fixed=\"off\">6_Blatt_31_von Hetten_bis Schr\u00f6der<\/a> <a href=\"https:\/\/www.wallersheim.org\/wp-content\/uploads\/2024\/03\/7_Blatt_27_Loch-Richtung-Wolswasen.pdf\" class=\"pdfemb-viewer\" style=\"\" data-width=\"max\" data-height=\"max\" data-toolbar=\"bottom\" data-toolbar-fixed=\"off\">7_Blatt_27_Loch Richtung Wolswasen<\/a><a href=\"https:\/\/www.wallersheim.org\/wp-content\/uploads\/2024\/03\/1_Blatt-8_merge_compressed-2.pdf\" class=\"pdfemb-viewer\" style=\"\" data-width=\"max\" data-height=\"max\" data-toolbar=\"bottom\" data-toolbar-fixed=\"off\">1_Blatt-8_merge_compressed<\/a> <a href=\"https:\/\/www.wallersheim.org\/wp-content\/uploads\/2024\/03\/2_Blatt-9_merge_compressed.pdf\" class=\"pdfemb-viewer\" style=\"\" data-width=\"max\" data-height=\"max\" data-toolbar=\"bottom\" data-toolbar-fixed=\"off\">2_Blatt-9_merge_compressed<\/a> <a href=\"https:\/\/www.wallersheim.org\/wp-content\/uploads\/2024\/03\/3_Blatt-10_merge_compressed.pdf\" class=\"pdfemb-viewer\" style=\"\" data-width=\"max\" data-height=\"max\" data-toolbar=\"bottom\" data-toolbar-fixed=\"off\">3_Blatt-10_merge_compressed<\/a><\/p>\n<div class=\"pixiebrix-notifier-container\" style=\"all: initial;\">\n<div style=\"position: fixed; z-index: 2147483647; inset: 16px; pointer-events: none; font-family: sans-serif;\"><\/div>\n<\/div>\n<div class=\"pixiebrix-notifier-container\" style=\"all: initial;\">\n<div style=\"position: fixed; z-index: 2147483647; inset: 16px; pointer-events: none; font-family: sans-serif;\"><\/div>\n<\/div>\n<\/div>\n<\/div><\/div><\/div><\/div><\/div><\/div><\/div>","protected":false},"excerpt":{"rendered":"<p>Ausz\u00fcge der Flurkarten aus dem Jahr 1933 Die nachfolgend dargestellten Karten wurden uns freundlicherweise vom Landesarchiv zur Verf\u00fcgung gestellt. Die Karten sind [&hellip;]<\/p>\n","protected":false},"author":1,"featured_media":0,"parent":0,"menu_order":0,"comment_status":"closed","ping_status":"closed","template":"page-templates\/page_front-page.php","meta":{"om_disable_all_campaigns":false,"_monsterinsights_skip_tracking":false,"_monsterinsights_sitenote_active":false,"_monsterinsights_sitenote_note":"","_monsterinsights_sitenote_category":0,"_uf_show_specific_survey":0,"_uf_disable_surveys":false,"footnotes":""},"class_list":["post-1696","page","type-page","status-publish","hentry"],"aioseo_notices":[],"_links":{"self":[{"href":"https:\/\/www.wallersheim.org\/index.php?rest_route=\/wp\/v2\/pages\/1696","targetHints":{"allow":["GET"]}}],"collection":[{"href":"https:\/\/www.wallersheim.org\/index.php?rest_route=\/wp\/v2\/pages"}],"about":[{"href":"https:\/\/www.wallersheim.org\/index.php?rest_route=\/wp\/v2\/types\/page"}],"author":[{"embeddable":true,"href":"https:\/\/www.wallersheim.org\/index.php?rest_route=\/wp\/v2\/users\/1"}],"replies":[{"embeddable":true,"href":"https:\/\/www.wallersheim.org\/index.php?rest_route=%2Fwp%2Fv2%2Fcomments&post=1696"}],"version-history":[{"count":8,"href":"https:\/\/www.wallersheim.org\/index.php?rest_route=\/wp\/v2\/pages\/1696\/revisions"}],"predecessor-version":[{"id":2026,"href":"https:\/\/www.wallersheim.org\/index.php?rest_route=\/wp\/v2\/pages\/1696\/revisions\/2026"}],"wp:attachment":[{"href":"https:\/\/www.wallersheim.org\/index.php?rest_route=%2Fwp%2Fv2%2Fmedia&parent=1696"}],"curies":[{"name":"wp","href":"https:\/\/api.w.org\/{rel}","templated":true}]}}